{"id":8,"date":"2019-04-23T09:53:27","date_gmt":"2019-04-23T07:53:27","guid":{"rendered":"http:\/\/jzsoft.pl\/?page_id=8"},"modified":"2019-04-23T11:28:10","modified_gmt":"2019-04-23T09:28:10","slug":"strona-glowna","status":"publish","type":"page","link":"http:\/\/jzsoft.pl\/","title":{"rendered":""},"content":{"rendered":"\n<div class=\"wp-block-cover has-background-dim-10 has-background-dim alignfull is-layout-flow wp-block-cover-is-layout-flow\" style=\"background-image:url(http:\/\/jzsoft.pl\/wp-content\/uploads\/2019\/04\/tlo.png)\"><p class=\"wp-block-cover-text\">Witamy<\/p><\/div>\n\n\n<p>Jeste\u015bmy niewielk\u0105, jednak sprawn\u0105 firm\u0105, oferuj\u0105c\u0105 szeroki wachlarz us\u0142ug informatycznych. Potrafimy sie\u0107 komputerow\u0105 zbudowa\u0107, skonfigurowa\u0107, zabezpieczy\u0107, monitorowa\u0107. Doradzi\u0107 w wyborze serwer\u00f3w, zainstalowa\u0107, uruchomi\u0107.<\/p>","protected":false},"excerpt":{"rendered":"<p>Jeste\u015bmy niewielk\u0105, jednak sprawn\u0105 firm\u0105, oferuj\u0105c\u0105 szeroki wachlarz us\u0142ug informatycznych. Potrafimy sie\u0107 komputerow\u0105 zbudowa\u0107, skonfigurowa\u0107, zabezpieczy\u0107, monitorowa\u0107. Doradzi\u0107 w wyborze serwer\u00f3w, zainstalowa\u0107, uruchomi\u0107.<\/p>\n","protected":false},"author":1,"featured_media":0,"parent":0,"menu_order":0,"comment_status":"closed","ping_status":"closed","template":"","meta":{"footnotes":""},"_links":{"self":[{"href":"http:\/\/jzsoft.pl\/index.php\/wp-json\/wp\/v2\/pages\/8"}],"collection":[{"href":"http:\/\/jzsoft.pl\/index.php\/wp-json\/wp\/v2\/pages"}],"about":[{"href":"http:\/\/jzsoft.pl\/index.php\/wp-json\/wp\/v2\/types\/page"}],"author":[{"embeddable":true,"href":"http:\/\/jzsoft.pl\/index.php\/wp-json\/wp\/v2\/users\/1"}],"replies":[{"embeddable":true,"href":"http:\/\/jzsoft.pl\/index.php\/wp-json\/wp\/v2\/comments?post=8"}],"version-history":[{"count":6,"href":"http:\/\/jzsoft.pl\/index.php\/wp-json\/wp\/v2\/pages\/8\/revisions"}],"predecessor-version":[{"id":42,"href":"http:\/\/jzsoft.pl\/index.php\/wp-json\/wp\/v2\/pages\/8\/revisions\/42"}],"wp:attachment":[{"href":"http:\/\/jzsoft.pl\/index.php\/wp-json\/wp\/v2\/media?parent=8"}],"curies":[{"name":"wp","href":"https:\/\/api.w.org\/{rel}","templated":true}]}}